{"id":2,"date":"2023-10-04T22:36:39","date_gmt":"2023-10-04T20:36:39","guid":{"rendered":"https:\/\/cdu-sha.de\/stadtverband-crailsheim\/?page_id=2"},"modified":"2025-12-07T20:51:45","modified_gmt":"2025-12-07T19:51:45","slug":"startseite","status":"publish","type":"page","link":"https:\/\/cdu-sha.de\/stadtverband-crailsheim\/","title":{"rendered":"Startseite"},"content":{"rendered":"\t\t<div data-elementor-type=\"wp-page\" data-elementor-id=\"2\" class=\"elementor elementor-2\" data-elementor-post-type=\"page\">\n\t\t\t\t<div class=\"elementor-element elementor-element-0d20722 e-con-full e-flex e-con e-parent\" data-id=\"0d20722\" data-element_type=\"container\" data-settings=\"{&quot;background_background&quot;:&quot;slideshow&quot;,&quot;background_slideshow_gallery&quot;:[{&quot;id&quot;:1823,&quot;url&quot;:&quot;https:\\\/\\\/cdu-sha.de\\\/stadtverband-crailsheim\\\/wp-content\\\/uploads\\\/sites\\\/18\\\/2025\\\/12\\\/Crailsheim_1.webp&quot;},{&quot;id&quot;:1822,&quot;url&quot;:&quot;https:\\\/\\\/cdu-sha.de\\\/stadtverband-crailsheim\\\/wp-content\\\/uploads\\\/sites\\\/18\\\/2025\\\/12\\\/Crailsheim2.webp&quot;},{&quot;id&quot;:1821,&quot;url&quot;:&quot;https:\\\/\\\/cdu-sha.de\\\/stadtverband-crailsheim\\\/wp-content\\\/uploads\\\/sites\\\/18\\\/2025\\\/12\\\/Crailsheim4.webp&quot;},{&quot;id&quot;:1820,&quot;url&quot;:&quot;https:\\\/\\\/cdu-sha.de\\\/stadtverband-crailsheim\\\/wp-content\\\/uploads\\\/sites\\\/18\\\/2025\\\/12\\\/Crailsheim3-scaled.webp&quot;}],&quot;background_slideshow_ken_burns&quot;:&quot;yes&quot;,&quot;background_slideshow_loop&quot;:&quot;yes&quot;,&quot;background_slideshow_slide_duration&quot;:5000,&quot;background_slideshow_slide_transition&quot;:&quot;fade&quot;,&quot;background_slideshow_transition_duration&quot;:500,&quot;background_slideshow_ken_burns_zoom_direction&quot;:&quot;in&quot;}\">\n\t\t<div class=\"elementor-element elementor-element-b35ebea e-con-full e-flex e-con e-child\" data-id=\"b35ebea\" data-element_type=\"container\">\n\t\t\t\t<div data-dce-advanced-background-color=\"#FFFFFF\" class=\"elementor-element elementor-element-8b415d9 elementor-widget__width-auto elementor-absolute elementor-invisible elementor-widget elementor-widget-heading\" data-id=\"8b415d9\" data-element_type=\"widget\" data-settings=\"{&quot;_animation&quot;:&quot;fadeInUp&quot;,&quot;_animation_delay&quot;:&quot;200&quot;,&quot;_position&quot;:&quot;absolute&quot;}\" data-widget_type=\"heading.default\">\n\t\t\t\t<div class=\"elementor-widget-container\">\n\t\t\t\t\t<h1 class=\"elementor-heading-title elementor-size-default\">CDU Stadtverband<\/h1>\t\t\t\t<\/div>\n\t\t\t\t<\/div>\n\t\t\t\t<div data-dce-title-color=\"#FFFFFF\" data-dce-advanced-background-color=\"#2B393B\" class=\"elementor-element elementor-element-6f67f0a elementor-widget__width-auto elementor-absolute elementor-invisible elementor-widget elementor-widget-heading\" data-id=\"6f67f0a\" data-element_type=\"widget\" data-settings=\"{&quot;_animation&quot;:&quot;fadeInUp&quot;,&quot;_animation_delay&quot;:&quot;200&quot;,&quot;_position&quot;:&quot;absolute&quot;}\" data-widget_type=\"heading.default\">\n\t\t\t\t<div class=\"elementor-widget-container\">\n\t\t\t\t\t<h1 class=\"elementor-heading-title elementor-size-default\">Crailsheim<\/h1>\t\t\t\t<\/div>\n\t\t\t\t<\/div>\n\t\t\t\t<\/div>\n\t\t\t\t<\/div>\n\t\t<div class=\"elementor-element elementor-element-68efecb e-flex e-con-boxed e-con e-parent\" data-id=\"68efecb\" data-element_type=\"container\">\n\t\t\t\t\t<div class=\"e-con-inner\">\n\t\t<div class=\"elementor-element elementor-element-7024590 e-con-full e-flex e-con e-child\" data-id=\"7024590\" data-element_type=\"container\">\n\t\t\t\t<div class=\"elementor-element elementor-element-77e676d dce_masking-none elementor-widget elementor-widget-image\" data-id=\"77e676d\" data-element_type=\"widget\" data-widget_type=\"image.default\">\n\t\t\t\t<div class=\"elementor-widget-container\">\n\t\t\t\t\t\t\t\t\t\t\t\t\t\t\t<img fetchpriority=\"high\" decoding=\"async\" width=\"800\" height=\"800\" src=\"https:\/\/cdu-sha.de\/stadtverband-crailsheim\/wp-content\/uploads\/sites\/18\/2025\/02\/Siegfreid-Boegelein_Crailsheim.jpg\" class=\"attachment-large size-large wp-image-1590\" alt=\"\" srcset=\"https:\/\/cdu-sha.de\/stadtverband-crailsheim\/wp-content\/uploads\/sites\/18\/2025\/02\/Siegfreid-Boegelein_Crailsheim.jpg 1000w, https:\/\/cdu-sha.de\/stadtverband-crailsheim\/wp-content\/uploads\/sites\/18\/2025\/02\/Siegfreid-Boegelein_Crailsheim-300x300.jpg 300w, https:\/\/cdu-sha.de\/stadtverband-crailsheim\/wp-content\/uploads\/sites\/18\/2025\/02\/Siegfreid-Boegelein_Crailsheim-150x150.jpg 150w, https:\/\/cdu-sha.de\/stadtverband-crailsheim\/wp-content\/uploads\/sites\/18\/2025\/02\/Siegfreid-Boegelein_Crailsheim-768x768.jpg 768w\" sizes=\"(max-width: 800px) 100vw, 800px\" \/>\t\t\t\t\t\t\t\t\t\t\t\t\t\t\t<\/div>\n\t\t\t\t<\/div>\n\t\t\t\t<\/div>\n\t\t<div class=\"elementor-element elementor-element-21d1a44 e-flex e-con-boxed e-con e-child\" data-id=\"21d1a44\" data-element_type=\"container\">\n\t\t\t\t\t<div class=\"e-con-inner\">\n\t\t\t\t<div data-dce-title-color=\"#FFFFFF\" class=\"elementor-element elementor-element-57b42a0 elementor-widget__width-inherit elementor-invisible elementor-widget elementor-widget-heading\" data-id=\"57b42a0\" data-element_type=\"widget\" data-settings=\"{&quot;_animation&quot;:&quot;fadeInUp&quot;,&quot;_animation_delay&quot;:&quot;200&quot;}\" data-widget_type=\"heading.default\">\n\t\t\t\t<div class=\"elementor-widget-container\">\n\t\t\t\t\t<h1 class=\"elementor-heading-title elementor-size-default\"><span class=\"background-cdu\">CDU Stadtverband Crailsheim<\/span><\/h1>\t\t\t\t<\/div>\n\t\t\t\t<\/div>\n\t\t\t\t<div class=\"elementor-element elementor-element-96c7f1c elementor-widget__width-initial elementor-widget-mobile__width-inherit elementor-invisible elementor-widget elementor-widget-text-editor\" data-id=\"96c7f1c\" data-element_type=\"widget\" data-settings=\"{&quot;_animation&quot;:&quot;fadeInUp&quot;,&quot;_animation_delay&quot;:&quot;400&quot;}\" data-widget_type=\"text-editor.default\">\n\t\t\t\t<div class=\"elementor-widget-container\">\n\t\t\t\t\t\t\t\t\t<p>Hier finden Sie Informationen \u00fcber unsere politische Arbeit, was uns ausmacht und wie Sie mit uns gemeinsam Politik gestalten k\u00f6nnen.<\/p><p>Sie w\u00fcrden gerne mehr erfahren? Dann freue ich mich \u00fcber Ihre Kontaktaufnahme.<\/p><p>Ihr Stadtverbandsvorsitzender<\/p><p>Siegfried B\u00f6gelein<\/p>\t\t\t\t\t\t\t\t<\/div>\n\t\t\t\t<\/div>\n\t\t\t\t<div data-dce-background-color=\"#FFA600\" class=\"elementor-element elementor-element-224fc5c elementor-align-right elementor-mobile-align-center elementor-widget elementor-widget-button\" data-id=\"224fc5c\" data-element_type=\"widget\" data-widget_type=\"button.default\">\n\t\t\t\t<div class=\"elementor-widget-container\">\n\t\t\t\t\t\t\t\t\t<div class=\"elementor-button-wrapper\">\n\t\t\t\t\t<a class=\"elementor-button elementor-button-link elementor-size-md\" href=\"https:\/\/www.cdu.de\/mitglied-werden\/antrag\">\n\t\t\t\t\t\t<span class=\"elementor-button-content-wrapper\">\n\t\t\t\t\t\t\t\t\t<span class=\"elementor-button-text\">Mitglied werden<\/span>\n\t\t\t\t\t<\/span>\n\t\t\t\t\t<\/a>\n\t\t\t\t<\/div>\n\t\t\t\t\t\t\t\t<\/div>\n\t\t\t\t<\/div>\n\t\t\t\t\t<\/div>\n\t\t\t\t<\/div>\n\t\t\t\t\t<\/div>\n\t\t\t\t<\/div>\n\t\t<div data-dce-background-overlay-image-url=\"https:\/\/cdu-sha.de\/wp-content\/uploads\/2023\/10\/cdu-fav.svg\" class=\"elementor-element elementor-element-4b615c1 e-flex e-con-boxed e-con e-parent\" data-id=\"4b615c1\" data-element_type=\"container\" data-settings=\"{&quot;background_background&quot;:&quot;classic&quot;}\">\n\t\t\t\t\t<div class=\"e-con-inner\">\n\t\t<div class=\"elementor-element elementor-element-e391a40 e-con-full e-flex e-con e-child\" data-id=\"e391a40\" data-element_type=\"container\">\n\t\t\t\t<div data-dce-title-color=\"#FFFFFF\" class=\"elementor-element elementor-element-0654015 elementor-widget__width-auto background-cdu elementor-invisible elementor-widget elementor-widget-heading\" data-id=\"0654015\" data-element_type=\"widget\" data-settings=\"{&quot;_animation&quot;:&quot;fadeInUp&quot;,&quot;_animation_delay&quot;:&quot;200&quot;}\" data-widget_type=\"heading.default\">\n\t\t\t\t<div class=\"elementor-widget-container\">\n\t\t\t\t\t<h1 class=\"elementor-heading-title elementor-size-default\">Aktuelles<\/h1>\t\t\t\t<\/div>\n\t\t\t\t<\/div>\n\t\t\t\t<div class=\"elementor-element elementor-element-d0a38a6 elementor-grid-3 elementor-grid-tablet-2 elementor-grid-mobile-1 elementor-widget elementor-widget-loop-grid\" data-id=\"d0a38a6\" data-element_type=\"widget\" data-settings=\"{&quot;template_id&quot;:&quot;208&quot;,&quot;pagination_type&quot;:&quot;load_more_on_click&quot;,&quot;row_gap&quot;:{&quot;unit&quot;:&quot;px&quot;,&quot;size&quot;:&quot;0&quot;,&quot;sizes&quot;:[]},&quot;row_gap_mobile&quot;:{&quot;unit&quot;:&quot;px&quot;,&quot;size&quot;:&quot;20&quot;,&quot;sizes&quot;:[]},&quot;_skin&quot;:&quot;post&quot;,&quot;columns&quot;:&quot;3&quot;,&quot;columns_tablet&quot;:&quot;2&quot;,&quot;columns_mobile&quot;:&quot;1&quot;,&quot;edit_handle_selector&quot;:&quot;[data-elementor-type=\\&quot;loop-item\\&quot;]&quot;,&quot;load_more_spinner&quot;:{&quot;value&quot;:&quot;fas fa-spinner&quot;,&quot;library&quot;:&quot;fa-solid&quot;},&quot;row_gap_tablet&quot;:{&quot;unit&quot;:&quot;px&quot;,&quot;size&quot;:&quot;&quot;,&quot;sizes&quot;:[]}}\" data-widget_type=\"loop-grid.post\">\n\t\t\t\t<div class=\"elementor-widget-container\">\n\t\t\t\t\t\t\t<div class=\"elementor-loop-container elementor-grid\" role=\"list\">\n\t\t<style id=\"loop-208\">.elementor-208 .elementor-element.elementor-element-2bb0c1b:not(.elementor-motion-effects-element-type-background), .elementor-208 .elementor-element.elementor-element-2bb0c1b > .elementor-motion-effects-container > .elementor-motion-effects-layer{background-color:var( --e-global-color-primary );}.elementor-208 .elementor-element.elementor-element-2bb0c1b{transition:background 0.3s, border 0.3s, border-radius 0.3s, box-shadow 0.3s;}.elementor-208 .elementor-element.elementor-element-2bb0c1b > .elementor-background-overlay{transition:background 0.3s, border-radius 0.3s, opacity 0.3s;}.elementor-208 .elementor-element.elementor-element-86e8491:not(.elementor-motion-effects-element-type-background) > .elementor-widget-wrap, .elementor-208 .elementor-element.elementor-element-86e8491 > .elementor-widget-wrap > .elementor-motion-effects-container > .elementor-motion-effects-layer{background-color:var( --e-global-color-8d4e96e );}.elementor-208 .elementor-element.elementor-element-86e8491 > .elementor-element-populated{transition:background 0.3s, border 0.3s, border-radius 0.3s, box-shadow 0.3s;margin:0px 0px 0px 0px;--e-column-margin-right:0px;--e-column-margin-left:0px;padding:0px 0px 0px 0px;}.elementor-208 .elementor-element.elementor-element-86e8491 > .elementor-element-populated > .elementor-background-overlay{transition:background 0.3s, border-radius 0.3s, opacity 0.3s;}.elementor-208 .elementor-element.elementor-element-a0e610e > .elementor-widget-container{margin:0px 0px 0px 0px;padding:0px 0px 0px 0px;}.elementor-208 .elementor-element.elementor-element-a0e610e{z-index:2;}.elementor-208 .elementor-element.elementor-element-a0e610e img{width:400px;height:400px;object-fit:cover;object-position:center left;}.elementor-208 .elementor-element.elementor-element-4ab55ac{width:var( --container-widget-width, 80% );max-width:80%;--container-widget-width:80%;--container-widget-flex-grow:0;top:272px;z-index:2;text-align:left;}.elementor-208 .elementor-element.elementor-element-4ab55ac > .elementor-widget-container{background-color:var( --e-global-color-3e464b6 );margin:0px 0px 0px 0px;padding:10px 10px 10px 20px;}.elementor-208 .elementor-element.elementor-element-4ab55ac.elementor-element{--align-self:center;}body:not(.rtl) .elementor-208 .elementor-element.elementor-element-4ab55ac{left:0px;}body.rtl .elementor-208 .elementor-element.elementor-element-4ab55ac{right:0px;}.elementor-208 .elementor-element.elementor-element-4ab55ac .elementor-heading-title{font-family:\"Inter\", Sans-serif;font-size:20px;font-weight:900;text-shadow:0px 0px 68px rgba(0,0,0,0.3);color:var( --e-global-color-accent );}.elementor-208 .elementor-element.elementor-element-f38c46f > .elementor-widget-container{margin:0px 0px 0px 0px;padding:0px 0px 0px 0px;}.elementor-208 .elementor-element.elementor-element-f38c46f img{width:400px;height:400px;object-fit:cover;object-position:top center;}.elementor-208 .elementor-element.elementor-element-fef2942 > .elementor-widget-container{margin:0px 0px 0px 0px;padding:0px 0px 0px 0px;}.elementor-208 .elementor-element.elementor-element-fef2942 img{width:400px;height:400px;object-fit:cover;object-position:top center;}@media(max-width:767px){.elementor-208 .elementor-element.elementor-element-86e8491 > .elementor-element-populated{margin:0px 0px 0px 0px;--e-column-margin-right:0px;--e-column-margin-left:0px;padding:0px 0px 0px 0px;}.elementor-208 .elementor-element.elementor-element-f38c46f img{width:100%;height:400px;object-fit:cover;object-position:top center;}.elementor-208 .elementor-element.elementor-element-fef2942 img{width:100%;height:400px;object-fit:cover;object-position:top center;}}<\/style>\t\t<div data-elementor-type=\"loop-item\" data-elementor-id=\"208\" class=\"elementor elementor-208 e-loop-item e-loop-item-1815 post-1815 post type-post status-publish format-standard has-post-thumbnail hentry category-uncategorized\" data-elementor-post-type=\"elementor_library\" data-custom-edit-handle=\"1\">\n\t\t\t\t\t<section class=\"elementor-section elementor-top-section elementor-element elementor-element-2bb0c1b elementor-section-boxed elementor-section-height-default elementor-section-height-default\" data-id=\"2bb0c1b\" data-element_type=\"section\" data-settings=\"{&quot;background_background&quot;:&quot;classic&quot;}\">\n\t\t\t\t\t\t<div class=\"elementor-container elementor-column-gap-default\">\n\t\t\t\t\t<div class=\"elementor-column elementor-col-100 elementor-top-column elementor-element elementor-element-86e8491\" data-id=\"86e8491\" data-element_type=\"column\" data-settings=\"{&quot;background_background&quot;:&quot;classic&quot;}\">\n\t\t\t<div class=\"elementor-widget-wrap elementor-element-populated\">\n\t\t\t\t<!-- dce invisible element a0e610e -->\t\t<div data-dce-title-color=\"#FFFFFF\" class=\"dce-visibility-event elementor-element elementor-element-4ab55ac elementor-absolute elementor-widget__width-initial elementor-widget elementor-widget-theme-post-title elementor-page-title elementor-widget-heading\" data-id=\"4ab55ac\" data-element_type=\"widget\" data-settings=\"{&quot;_position&quot;:&quot;absolute&quot;,&quot;enabled_visibility&quot;:&quot;yes&quot;,&quot;dce_visibility_selected&quot;:&quot;yes&quot;}\" data-widget_type=\"theme-post-title.default\">\n\t\t\t\t<div class=\"elementor-widget-container\">\n\t\t\t\t\t<h3 class=\"elementor-heading-title elementor-size-default\"><a href=\"https:\/\/cdu-sha.de\/stadtverband-crailsheim\/haushaltsrede-2026-der-cdu-fraktion-crailsheimhaushalts\/\" target=\"_blank\">Haushaltsrede 2026 der CDU-Gemeinderatsfraktion Crailsheim<\/a><\/h3>\t\t\t\t<\/div>\n\t\t\t\t<\/div>\n\t\t<!-- dce invisible element f38c46f -->\t\t<div class=\"elementor-element elementor-element-fef2942 elementor-widget elementor-widget-theme-post-featured-image elementor-widget-image\" data-id=\"fef2942\" data-element_type=\"widget\" data-settings=\"{&quot;enabled_visibility&quot;:&quot;yes&quot;,&quot;dce_visibility_selected&quot;:&quot;yes&quot;}\" data-widget_type=\"theme-post-featured-image.default\">\n\t\t\t\t<div class=\"elementor-widget-container\">\n\t\t\t\t\t\t\t\t\t\t\t\t\t\t\t<img decoding=\"async\" width=\"2560\" height=\"1270\" src=\"https:\/\/cdu-sha.de\/stadtverband-crailsheim\/wp-content\/uploads\/sites\/18\/2025\/09\/CDU-SV-Crailsheim-scaled.webp\" class=\"attachment-full size-full wp-image-1775\" alt=\"\" srcset=\"https:\/\/cdu-sha.de\/stadtverband-crailsheim\/wp-content\/uploads\/sites\/18\/2025\/09\/CDU-SV-Crailsheim-scaled.webp 2560w, https:\/\/cdu-sha.de\/stadtverband-crailsheim\/wp-content\/uploads\/sites\/18\/2025\/09\/CDU-SV-Crailsheim-300x149.webp 300w, https:\/\/cdu-sha.de\/stadtverband-crailsheim\/wp-content\/uploads\/sites\/18\/2025\/09\/CDU-SV-Crailsheim-1024x508.webp 1024w, https:\/\/cdu-sha.de\/stadtverband-crailsheim\/wp-content\/uploads\/sites\/18\/2025\/09\/CDU-SV-Crailsheim-768x381.webp 768w, https:\/\/cdu-sha.de\/stadtverband-crailsheim\/wp-content\/uploads\/sites\/18\/2025\/09\/CDU-SV-Crailsheim-1536x762.webp 1536w, https:\/\/cdu-sha.de\/stadtverband-crailsheim\/wp-content\/uploads\/sites\/18\/2025\/09\/CDU-SV-Crailsheim-2048x1016.webp 2048w\" sizes=\"(max-width: 2560px) 100vw, 2560px\" \/>\t\t\t\t\t\t\t\t\t\t\t\t\t\t\t<\/div>\n\t\t\t\t<\/div>\n\t\t\t\t\t<\/div>\n\t\t<\/div>\n\t\t\t\t\t<\/div>\n\t\t<\/section>\n\t\t\t\t<\/div>\n\t\t\t\t<\/div>\n\t\t\t\t\t<span class=\"e-load-more-spinner\">\n\t\t\t\t<i aria-hidden=\"true\" class=\"fas fa-spinner\"><\/i>\t\t\t<\/span>\n\t\t\n\t\t\t\t\t\t<\/div>\n\t\t\t\t<\/div>\n\t\t\t\t<\/div>\n\t\t\t\t\t<\/div>\n\t\t\t\t<\/div>\n\t\t<div class=\"elementor-element elementor-element-9ebec82 e-flex e-con-boxed e-con e-parent\" data-id=\"9ebec82\" data-element_type=\"container\">\n\t\t\t\t\t<div class=\"e-con-inner\">\n\t\t<div class=\"elementor-element elementor-element-6f16ce5 e-con-full e-flex e-con e-child\" data-id=\"6f16ce5\" data-element_type=\"container\">\n\t\t\t\t<div data-dce-title-color=\"#FFFFFF\" class=\"elementor-element elementor-element-5ce0b35 elementor-widget__width-auto background-cdu elementor-invisible elementor-widget elementor-widget-heading\" data-id=\"5ce0b35\" data-element_type=\"widget\" data-settings=\"{&quot;_animation&quot;:&quot;fadeInUp&quot;,&quot;_animation_delay&quot;:&quot;200&quot;}\" data-widget_type=\"heading.default\">\n\t\t\t\t<div class=\"elementor-widget-container\">\n\t\t\t\t\t<h1 class=\"elementor-heading-title elementor-size-default\">DIE CDU VOR ORT<\/h1>\t\t\t\t<\/div>\n\t\t\t\t<\/div>\n\t\t\t\t<div class=\"elementor-element elementor-element-c6f579e elementor-widget elementor-widget-text-editor\" data-id=\"c6f579e\" data-element_type=\"widget\" data-widget_type=\"text-editor.default\">\n\t\t\t\t<div class=\"elementor-widget-container\">\n\t\t\t\t\t\t\t\t\t<p class=\"bodytext\"><b>Liebe Mitb\u00fcrgerinnen und Mitb\u00fcrger,<\/b><\/p><p class=\"bodytext\">wir stehen vor der gro\u00dfen Herausforderung, die Zukunft der Stadt Crailsheim in den n\u00e4chsten Jahren weiterhin erfolgreich zu gestalten. Es gilt, vor dem Hintergrund knapper Finanzen, die aufgebaute Infrastruktur zu erhalten und neue Wege zu finden, um unsere Heimat wettbewerbsf\u00e4hig zu halten. Wie in den letzten Jahren steht die Crailsheimer CDU ein f\u00fcr christlich-demokratische Werte, realistische Bildungspolitik ohne Experimente, Ehrenamt und B\u00fcrgern\u00e4he.<\/p>\t\t\t\t\t\t\t\t<\/div>\n\t\t\t\t<\/div>\n\t\t\t\t<\/div>\n\t\t<div class=\"elementor-element elementor-element-c995daa e-con-full e-flex e-con e-child\" data-id=\"c995daa\" data-element_type=\"container\">\n\t\t\t\t<\/div>\n\t\t\t\t\t<\/div>\n\t\t\t\t<\/div>\n\t\t\t\t<\/div>\n\t\t","protected":false},"excerpt":{"rendered":"<p>CDU Stadtverband Crailsheim CDU Stadtverband Crailsheim Hier finden Sie Informationen \u00fcber unsere politische Arbeit, was uns ausmacht und wie Sie mit uns gemeinsam Politik gestalten k\u00f6nnen. Sie w\u00fcrden gerne mehr [&hellip;]<\/p>\n","protected":false},"author":1,"featured_media":0,"parent":0,"menu_order":0,"comment_status":"closed","ping_status":"closed","template":"","meta":{"_acf_changed":false,"inline_featured_image":false,"_price":"","_stock":"","_tribe_ticket_header":"","_tribe_default_ticket_provider":"","_tribe_ticket_capacity":"0","_ticket_start_date":"","_ticket_end_date":"","_tribe_ticket_show_description":"","_tribe_ticket_show_not_going":false,"_tribe_ticket_use_global_stock":"","_tribe_ticket_global_stock_level":"","_global_stock_mode":"","_global_stock_cap":"","_tribe_rsvp_for_event":"","_tribe_ticket_going_count":"","_tribe_ticket_not_going_count":"","_tribe_tickets_list":"[]","_tribe_ticket_has_attendee_info_fields":false,"footnotes":"","_tec_slr_enabled":"","_tec_slr_layout":""},"class_list":["post-2","page","type-page","status-publish","hentry"],"acf":[],"ticketed":false,"_links":{"self":[{"href":"https:\/\/cdu-sha.de\/stadtverband-crailsheim\/wp-json\/wp\/v2\/pages\/2","targetHints":{"allow":["GET"]}}],"collection":[{"href":"https:\/\/cdu-sha.de\/stadtverband-crailsheim\/wp-json\/wp\/v2\/pages"}],"about":[{"href":"https:\/\/cdu-sha.de\/stadtverband-crailsheim\/wp-json\/wp\/v2\/types\/page"}],"author":[{"embeddable":true,"href":"https:\/\/cdu-sha.de\/stadtverband-crailsheim\/wp-json\/wp\/v2\/users\/1"}],"replies":[{"embeddable":true,"href":"https:\/\/cdu-sha.de\/stadtverband-crailsheim\/wp-json\/wp\/v2\/comments?post=2"}],"version-history":[{"count":10,"href":"https:\/\/cdu-sha.de\/stadtverband-crailsheim\/wp-json\/wp\/v2\/pages\/2\/revisions"}],"predecessor-version":[{"id":1839,"href":"https:\/\/cdu-sha.de\/stadtverband-crailsheim\/wp-json\/wp\/v2\/pages\/2\/revisions\/1839"}],"wp:attachment":[{"href":"https:\/\/cdu-sha.de\/stadtverband-crailsheim\/wp-json\/wp\/v2\/media?parent=2"}],"curies":[{"name":"wp","href":"https:\/\/api.w.org\/{rel}","templated":true}]}}