{"id":1193,"date":"2024-03-17T14:22:08","date_gmt":"2024-03-17T13:22:08","guid":{"rendered":"https:\/\/cdu-sha.de\/stadtverband-crailsheim\/?page_id=1193"},"modified":"2024-03-19T00:09:34","modified_gmt":"2024-03-18T23:09:34","slug":"antraege","status":"publish","type":"page","link":"https:\/\/cdu-sha.de\/stadtverband-crailsheim\/antraege\/","title":{"rendered":"Antr\u00e4ge"},"content":{"rendered":"\t\t<div data-elementor-type=\"wp-page\" data-elementor-id=\"1193\" class=\"elementor elementor-1193\" data-elementor-post-type=\"page\">\n\t\t\t\t<div class=\"elementor-element elementor-element-05468d4 e-con-full e-flex e-con e-parent\" data-id=\"05468d4\" data-element_type=\"container\" data-settings=\"{&quot;background_background&quot;:&quot;slideshow&quot;,&quot;background_slideshow_gallery&quot;:[{&quot;id&quot;:&quot;107&quot;,&quot;url&quot;:&quot;https:\\\/\\\/cdu-sha.de\\\/wp-content\\\/uploads\\\/2023\\\/10\\\/frantzou-fleurine-jaiokrH5eDo-unsplash.jpg&quot;},{&quot;id&quot;:&quot;178&quot;,&quot;url&quot;:&quot;https:\\\/\\\/cdu-sha.de\\\/wp-content\\\/uploads\\\/2023\\\/10\\\/fabian-kleiser-K5ZY9sjlyiI-unsplash.jpg&quot;},{&quot;id&quot;:&quot;179&quot;,&quot;url&quot;:&quot;https:\\\/\\\/cdu-sha.de\\\/wp-content\\\/uploads\\\/2023\\\/10\\\/frantzou-fleurine-ZVP-E7Sw9WQ-unsplash.jpg&quot;}],&quot;background_slideshow_ken_burns&quot;:&quot;yes&quot;,&quot;background_slideshow_loop&quot;:&quot;yes&quot;,&quot;background_slideshow_slide_duration&quot;:5000,&quot;background_slideshow_slide_transition&quot;:&quot;fade&quot;,&quot;background_slideshow_transition_duration&quot;:500,&quot;background_slideshow_ken_burns_zoom_direction&quot;:&quot;in&quot;}\">\n\t\t<div class=\"elementor-element elementor-element-b5a99a2 e-con-full e-flex e-con e-child\" data-id=\"b5a99a2\" data-element_type=\"container\">\n\t\t\t\t<div data-dce-title-color=\"#FFFFFF\" data-dce-advanced-background-color=\"#2B393B\" class=\"elementor-element elementor-element-8d8dc2f elementor-widget__width-auto elementor-absolute elementor-invisible elementor-widget elementor-widget-heading\" data-id=\"8d8dc2f\" data-element_type=\"widget\" data-settings=\"{&quot;_animation&quot;:&quot;fadeInUp&quot;,&quot;_animation_delay&quot;:&quot;200&quot;,&quot;_position&quot;:&quot;absolute&quot;}\" data-widget_type=\"heading.default\">\n\t\t\t\t<div class=\"elementor-widget-container\">\n\t\t\t\t\t<h1 class=\"elementor-heading-title elementor-size-default\">Antr\u00e4ge<\/h1>\t\t\t\t<\/div>\n\t\t\t\t<\/div>\n\t\t\t\t<\/div>\n\t\t\t\t<\/div>\n\t\t<div class=\"elementor-element elementor-element-7172345 e-flex e-con-boxed e-con e-parent\" data-id=\"7172345\" data-element_type=\"container\" data-settings=\"{&quot;background_background&quot;:&quot;classic&quot;}\">\n\t\t\t\t\t<div class=\"e-con-inner\">\n\t\t\t\t<div class=\"elementor-element elementor-element-90aa6db elementor-widget elementor-widget-text-editor\" data-id=\"90aa6db\" data-element_type=\"widget\" data-widget_type=\"text-editor.default\">\n\t\t\t\t<div class=\"elementor-widget-container\">\n\t\t\t\t\t\t\t\t\t<p>Hier finden Sie eine kompakte Darstellung aller Ihrer eingereichten und in Bearbeitung befindlichen Antr\u00e4ge. Nutzen Sie diese Seite, um den aktuellen Status Ihrer Antr\u00e4ge zu verfolgen, Details zu \u00fcberpr\u00fcfen oder neue Antr\u00e4ge zu stellen.<\/p>\t\t\t\t\t\t\t\t<\/div>\n\t\t\t\t<\/div>\n\t\t\t\t\t<\/div>\n\t\t\t\t<\/div>\n\t\t<div class=\"elementor-element elementor-element-d5b1b40 e-flex e-con-boxed e-con e-parent\" data-id=\"d5b1b40\" data-element_type=\"container\">\n\t\t\t\t\t<div class=\"e-con-inner\">\n\t\t\t\t<div class=\"elementor-element elementor-element-04558da elementor-grid-1 elementor-grid-tablet-2 elementor-grid-mobile-1 elementor-widget elementor-widget-loop-grid\" data-id=\"04558da\" data-element_type=\"widget\" data-settings=\"{&quot;template_id&quot;:&quot;1220&quot;,&quot;columns&quot;:&quot;1&quot;,&quot;pagination_type&quot;:&quot;load_more_on_click&quot;,&quot;masonry&quot;:&quot;yes&quot;,&quot;_skin&quot;:&quot;post&quot;,&quot;columns_tablet&quot;:&quot;2&quot;,&quot;columns_mobile&quot;:&quot;1&quot;,&quot;edit_handle_selector&quot;:&quot;[data-elementor-type=\\&quot;loop-item\\&quot;]&quot;,&quot;load_more_spinner&quot;:{&quot;value&quot;:&quot;fas fa-spinner&quot;,&quot;library&quot;:&quot;fa-solid&quot;},&quot;row_gap&quot;:{&quot;unit&quot;:&quot;px&quot;,&quot;size&quot;:&quot;&quot;,&quot;sizes&quot;:[]},&quot;row_gap_tablet&quot;:{&quot;unit&quot;:&quot;px&quot;,&quot;size&quot;:&quot;&quot;,&quot;sizes&quot;:[]},&quot;row_gap_mobile&quot;:{&quot;unit&quot;:&quot;px&quot;,&quot;size&quot;:&quot;&quot;,&quot;sizes&quot;:[]}}\" data-widget_type=\"loop-grid.post\">\n\t\t\t\t<div class=\"elementor-widget-container\">\n\t\t\t\t\t\t\t<div class=\"e-loop-nothing-found-message\">\n\t\t<\/div>\n\t\t\t\t\t\t<\/div>\n\t\t\t\t<\/div>\n\t\t\t\t\t<\/div>\n\t\t\t\t<\/div>\n\t\t\t\t<\/div>\n\t\t","protected":false},"excerpt":{"rendered":"<p>Antr\u00e4ge Hier finden Sie eine kompakte Darstellung aller Ihrer eingereichten und in Bearbeitung befindlichen Antr\u00e4ge. Nutzen Sie diese Seite, um den aktuellen Status Ihrer Antr\u00e4ge zu verfolgen, Details zu \u00fcberpr\u00fcfen [&hellip;]<\/p>\n","protected":false},"author":2,"featured_media":0,"parent":0,"menu_order":0,"comment_status":"closed","ping_status":"closed","template":"","meta":{"_acf_changed":false,"inline_featured_image":false,"_price":"","_stock":"","_tribe_ticket_header":"","_tribe_default_ticket_provider":"","_tribe_ticket_capacity":"0","_ticket_start_date":"","_ticket_end_date":"","_tribe_ticket_show_description":"","_tribe_ticket_show_not_going":false,"_tribe_ticket_use_global_stock":"","_tribe_ticket_global_stock_level":"","_global_stock_mode":"","_global_stock_cap":"","_tribe_rsvp_for_event":"","_tribe_ticket_going_count":"","_tribe_ticket_not_going_count":"","_tribe_tickets_list":"[]","_tribe_ticket_has_attendee_info_fields":false,"footnotes":"","_tec_slr_enabled":"","_tec_slr_layout":""},"class_list":["post-1193","page","type-page","status-publish","hentry"],"acf":[],"ticketed":false,"_links":{"self":[{"href":"https:\/\/cdu-sha.de\/stadtverband-crailsheim\/wp-json\/wp\/v2\/pages\/1193","targetHints":{"allow":["GET"]}}],"collection":[{"href":"https:\/\/cdu-sha.de\/stadtverband-crailsheim\/wp-json\/wp\/v2\/pages"}],"about":[{"href":"https:\/\/cdu-sha.de\/stadtverband-crailsheim\/wp-json\/wp\/v2\/types\/page"}],"author":[{"embeddable":true,"href":"https:\/\/cdu-sha.de\/stadtverband-crailsheim\/wp-json\/wp\/v2\/users\/2"}],"replies":[{"embeddable":true,"href":"https:\/\/cdu-sha.de\/stadtverband-crailsheim\/wp-json\/wp\/v2\/comments?post=1193"}],"version-history":[{"count":10,"href":"https:\/\/cdu-sha.de\/stadtverband-crailsheim\/wp-json\/wp\/v2\/pages\/1193\/revisions"}],"predecessor-version":[{"id":1406,"href":"https:\/\/cdu-sha.de\/stadtverband-crailsheim\/wp-json\/wp\/v2\/pages\/1193\/revisions\/1406"}],"wp:attachment":[{"href":"https:\/\/cdu-sha.de\/stadtverband-crailsheim\/wp-json\/wp\/v2\/media?parent=1193"}],"curies":[{"name":"wp","href":"https:\/\/api.w.org\/{rel}","templated":true}]}}